{"id":8,"date":"2016-04-12T12:50:13","date_gmt":"2016-04-12T11:50:13","guid":{"rendered":"http:\/\/clement-distribution-graphic.fr\/?page_id=8"},"modified":"2021-01-28T10:32:42","modified_gmt":"2021-01-28T09:32:42","slug":"produits","status":"publish","type":"page","link":"https:\/\/clement-distribution-graphic.fr\/index.php\/produits\/","title":{"rendered":"S\u00e9rigraphie"},"content":{"rendered":"<p>Retrouvez vos fiches techniques directement en cliquant sur les liens ci-dessous.<\/p>\n<p>Produits Sebek <a href=\"http:\/\/clement-distribution-graphic.fr\/wp-content\/uploads\/2016\/04\/DSCN0735.jpg\"><img loading=\"lazy\" class=\"wp-image-88 alignleft\" src=\"http:\/\/clement-distribution-graphic.fr\/wp-content\/uploads\/2016\/04\/DSCN0735-300x225.jpg\" alt=\"pigments \u00e0 l'eau\" width=\"347\" height=\"261\" srcset=\"https:\/\/clement-distribution-graphic.fr\/wp-content\/uploads\/2016\/04\/DSCN0735-300x225.jpg 300w, https:\/\/clement-distribution-graphic.fr\/wp-content\/uploads\/2016\/04\/DSCN0735-768x576.jpg 768w, https:\/\/clement-distribution-graphic.fr\/wp-content\/uploads\/2016\/04\/DSCN0735-1024x768.jpg 1024w\" sizes=\"(max-width: 347px) 100vw, 347px\" \/><\/a>Inks<\/p>\n<blockquote><p><a style=\"color: #000000;\" href=\"http:\/\/clement-distribution-graphic.fr\/index.php\/produits\/sebek-encres-et-vernis-uv\/\">Encres et Vernis UV<\/a><br \/>\n<a style=\"color: #000000;\" href=\"http:\/\/clement-distribution-graphic.fr\/index.php\/produits\/sebek-encres-graphique-a-leau\/\">Encres graphique \u00e0 l&rsquo;eau<\/a><br \/>\n<a style=\"color: #000000;\" href=\"http:\/\/clement-distribution-graphic.fr\/index.php\/produits\/sebek-encres-graphiques-a-solvants\/\">Encres graphiques \u00e0 solvants<\/a><br \/>\n<a style=\"color: #000000;\" href=\"http:\/\/clement-distribution-graphic.fr\/index.php\/produits\/sebek-encres-plastisol-et-silicone\/\">Encres plastisol et silicone<\/a><br \/>\n<a style=\"color: #000000;\" href=\"http:\/\/clement-distribution-graphic.fr\/index.php\/produits\/sebek-encres-textiles-a-leau\/\">Encres textiles \u00e0 l&rsquo;eau<br \/>\n<\/a><a style=\"color: #000000;\" href=\"http:\/\/clement-distribution-graphic.fr\/wp-content\/uploads\/2016\/11\/RESUMES-DES-ENCRES.pdf\" target=\"_blank\" rel=\"noopener noreferrer\">RESUMES DES ENCRES<br \/>\n<\/a><a style=\"color: #000000;\" href=\"http:\/\/clement-distribution-graphic.fr\/wp-content\/uploads\/2017\/03\/CARTE-DE-COULEURS.pdf\" target=\"_blank\" rel=\"noopener noreferrer\">CARTE DE COULEURS<\/a><br \/>\n<a style=\"color: #000000;\" href=\"http:\/\/clement-distribution-graphic.fr\/wp-content\/uploads\/2016\/11\/CARTE-DE-COULEURS-SEBILAC.pdf\" target=\"_blank\" rel=\"noopener noreferrer\">CARTE DE COULEURS SEBILAC<\/a><\/p>\n<p style=\"text-align: center;\">\n<\/blockquote>\n<p><em>Proc\u00e9dures d&rsquo;application des produits \u00e9crans<\/em> : <a href=\"http:\/\/clement-distribution-graphic.fr\/wp-content\/uploads\/2016\/11\/PROCEDURES-DAPP.-DES-P.-ECRANS.pdf\">cliquez-ici<\/a><\/p>\n<p style=\"text-align: left;\"><span style=\"text-decoration: underline;\">Profitez \u00e9galement de notre service tensions<\/span><\/p>\n<p><a href=\"http:\/\/clement-distribution-graphic.fr\/wp-content\/uploads\/2021\/01\/DSC5238.jpg\"><img loading=\"lazy\" class=\"alignright wp-image-503 size-medium\" src=\"http:\/\/clement-distribution-graphic.fr\/wp-content\/uploads\/2021\/01\/DSC5238-200x300.jpg\" alt=\"\" width=\"200\" height=\"300\" srcset=\"https:\/\/clement-distribution-graphic.fr\/wp-content\/uploads\/2021\/01\/DSC5238-200x300.jpg 200w, https:\/\/clement-distribution-graphic.fr\/wp-content\/uploads\/2021\/01\/DSC5238-683x1024.jpg 683w, https:\/\/clement-distribution-graphic.fr\/wp-content\/uploads\/2021\/01\/DSC5238-768x1152.jpg 768w, https:\/\/clement-distribution-graphic.fr\/wp-content\/uploads\/2021\/01\/DSC5238-1024x1536.jpg 1024w, https:\/\/clement-distribution-graphic.fr\/wp-content\/uploads\/2021\/01\/DSC5238.jpg 1365w\" sizes=\"(max-width: 200px) 100vw, 200px\" \/><\/a><\/p>\n<p>Cadre neuf , Retension.<br \/>\nProduits \u00e9crans:<br \/>\n\u00e9mulsions diverses, bouches pores, d\u00e9graveurs, nettoyeur d&rsquo;\u00e9cran, images fant\u00f4mes, d\u00e9graisseur, colle pour jeannettes, d\u00e9boucheur d&rsquo;\u00e9cran, colle pour \u00e9cran, spray antistatique<\/p>\n<p>Nous vous proposons aussi une gamme compl\u00e8te de produits \u00e9crans et petits mat\u00e9riels:<\/p>\n<p>Gobelets, Gants noir, jetables et invisible, Pots plastiques, Balances, M\u00e9langeur \u00e0 main \u00e9lectrique et manuel, Compte-fils, Pantone.<\/p>\n","protected":false},"excerpt":{"rendered":"<p>Retrouvez vos fiches techniques directement en cliquant sur les liens ci-dessous. Produits Sebek Inks Encres et Vernis UV Encres graphique \u00e0 l&rsquo;eau Encres graphiques \u00e0 solvants Encres plastisol et silicone Encres textiles \u00e0 l&rsquo;eau RESUMES DES ENCRES CARTE DE COULEURS CARTE DE COULEURS SEBILAC Proc\u00e9dures d&rsquo;application des produits \u00e9crans : cliquez-ici Profitez \u00e9galement de notre<a class=\"moretag\" href=\"https:\/\/clement-distribution-graphic.fr\/index.php\/produits\/\"><span class=\"screen-reader-text\">En savoir plus surS\u00e9rigraphie<\/span>[&#8230;]<\/a><\/p>\n","protected":false},"author":1,"featured_media":0,"parent":0,"menu_order":1,"comment_status":"closed","ping_status":"closed","template":"","meta":[],"_links":{"self":[{"href":"https:\/\/clement-distribution-graphic.fr\/index.php\/wp-json\/wp\/v2\/pages\/8"}],"collection":[{"href":"https:\/\/clement-distribution-graphic.fr\/index.php\/wp-json\/wp\/v2\/pages"}],"about":[{"href":"https:\/\/clement-distribution-graphic.fr\/index.php\/wp-json\/wp\/v2\/types\/page"}],"author":[{"embeddable":true,"href":"https:\/\/clement-distribution-graphic.fr\/index.php\/wp-json\/wp\/v2\/users\/1"}],"replies":[{"embeddable":true,"href":"https:\/\/clement-distribution-graphic.fr\/index.php\/wp-json\/wp\/v2\/comments?post=8"}],"version-history":[{"count":66,"href":"https:\/\/clement-distribution-graphic.fr\/index.php\/wp-json\/wp\/v2\/pages\/8\/revisions"}],"predecessor-version":[{"id":504,"href":"https:\/\/clement-distribution-graphic.fr\/index.php\/wp-json\/wp\/v2\/pages\/8\/revisions\/504"}],"wp:attachment":[{"href":"https:\/\/clement-distribution-graphic.fr\/index.php\/wp-json\/wp\/v2\/media?parent=8"}],"curies":[{"name":"wp","href":"https:\/\/api.w.org\/{rel}","templated":true}]}}