{"id":31,"date":"2016-04-12T14:00:13","date_gmt":"2016-04-12T13:00:13","guid":{"rendered":"http:\/\/clement-distribution-graphic.fr\/?page_id=31"},"modified":"2022-01-21T11:50:59","modified_gmt":"2022-01-21T10:50:59","slug":"contact-2","status":"publish","type":"page","link":"https:\/\/clement-distribution-graphic.fr\/index.php\/contact-2\/","title":{"rendered":"Contact"},"content":{"rendered":"<p><img loading=\"lazy\" class=\"alignnone size-medium wp-image-33\" src=\"http:\/\/clement-distribution-graphic.fr\/wp-content\/uploads\/2016\/04\/photo-contact-300x140.jpg\" alt=\"photo contact\" width=\"300\" height=\"140\" srcset=\"https:\/\/clement-distribution-graphic.fr\/wp-content\/uploads\/2016\/04\/photo-contact-300x140.jpg 300w, https:\/\/clement-distribution-graphic.fr\/wp-content\/uploads\/2016\/04\/photo-contact-768x359.jpg 768w, https:\/\/clement-distribution-graphic.fr\/wp-content\/uploads\/2016\/04\/photo-contact-1024x479.jpg 1024w, https:\/\/clement-distribution-graphic.fr\/wp-content\/uploads\/2016\/04\/photo-contact-730x340.jpg 730w, https:\/\/clement-distribution-graphic.fr\/wp-content\/uploads\/2016\/04\/photo-contact-500x233.jpg 500w, https:\/\/clement-distribution-graphic.fr\/wp-content\/uploads\/2016\/04\/photo-contact.jpg 1327w\" sizes=\"(max-width: 300px) 100vw, 300px\" \/><\/p>\n<pre>Adresse:\n50 Boulevard Mar\u00e9chal Foch\n45240 LA FERTE SAINT AUBIN<\/pre>\n<pre>T\u00e9l\u00e9phone:\n 02.38.83.02.34<\/pre>\n<pre>Fax:\n 09.70.62.11.62<\/pre>\n","protected":false},"excerpt":{"rendered":"<p>Adresse: 50 Boulevard Mar\u00e9chal Foch 45240 LA FERTE SAINT AUBIN T\u00e9l\u00e9phone: 02.38.83.02.34 Fax: 09.70.62.11.62<\/p>\n","protected":false},"author":1,"featured_media":0,"parent":0,"menu_order":6,"comment_status":"closed","ping_status":"closed","template":"template-contact.php","meta":[],"_links":{"self":[{"href":"https:\/\/clement-distribution-graphic.fr\/index.php\/wp-json\/wp\/v2\/pages\/31"}],"collection":[{"href":"https:\/\/clement-distribution-graphic.fr\/index.php\/wp-json\/wp\/v2\/pages"}],"about":[{"href":"https:\/\/clement-distribution-graphic.fr\/index.php\/wp-json\/wp\/v2\/types\/page"}],"author":[{"embeddable":true,"href":"https:\/\/clement-distribution-graphic.fr\/index.php\/wp-json\/wp\/v2\/users\/1"}],"replies":[{"embeddable":true,"href":"https:\/\/clement-distribution-graphic.fr\/index.php\/wp-json\/wp\/v2\/comments?post=31"}],"version-history":[{"count":8,"href":"https:\/\/clement-distribution-graphic.fr\/index.php\/wp-json\/wp\/v2\/pages\/31\/revisions"}],"predecessor-version":[{"id":511,"href":"https:\/\/clement-distribution-graphic.fr\/index.php\/wp-json\/wp\/v2\/pages\/31\/revisions\/511"}],"wp:attachment":[{"href":"https:\/\/clement-distribution-graphic.fr\/index.php\/wp-json\/wp\/v2\/media?parent=31"}],"curies":[{"name":"wp","href":"https:\/\/api.w.org\/{rel}","templated":true}]}}