{"id":2,"date":"2021-01-28T12:18:00","date_gmt":"2021-01-28T11:18:00","guid":{"rendered":"http:\/\/clement-distribution-graphic.fr\/?page_id=2"},"modified":"2021-02-24T15:01:55","modified_gmt":"2021-02-24T14:01:55","slug":"page-d-exemple","status":"publish","type":"page","link":"https:\/\/clement-distribution-graphic.fr\/","title":{"rendered":"A Propos"},"content":{"rendered":"\n<p>Nous sommes \u00e0 nouveau \u00e0 votre \u00e9coute et \u00e0 votre service comme nous l&rsquo;avons \u00e9t\u00e9 depuis plus de 40ans. Nous distribuons des produits de qualit\u00e9s, en s\u00e9rigraphie, en flexographie UV, des produits pour les \u00e9crans, les tensions et petit mat\u00e9riel ainsi qu&rsquo;une communication et une \u00e9coute tr\u00e8s personnalis\u00e9e. Beaucoup d&rsquo;entre vous n&rsquo;h\u00e9sitent pas \u00e0 nous appeler pour avoir des informations et des conseils sur certains types de produits tr\u00e8s innovants que nous sommes les seuls \u00e0 diffuser. Aussi vous serez les bienvenus mais, en premier lieu, jetez un coup d&rsquo;oeil \u00e0 notre site et vous verrez que nous apportons beaucoup de r\u00e9ponses. N&rsquo;h\u00e9sitez pas \u00e0 nous contacter pour plus d&rsquo;informations. Annabella, Patrick &amp; Caroline Cl\u00e9ment<\/p>\n","protected":false},"excerpt":{"rendered":"<p>Nous sommes \u00e0 nouveau \u00e0 votre \u00e9coute et \u00e0 votre service comme nous l&rsquo;avons \u00e9t\u00e9 depuis plus de 40ans. Nous distribuons des produits de qualit\u00e9s, en s\u00e9rigraphie, en flexographie UV, des produits pour les \u00e9crans, les tensions et petit mat\u00e9riel ainsi qu&rsquo;une communication et une \u00e9coute tr\u00e8s personnalis\u00e9e. Beaucoup d&rsquo;entre vous n&rsquo;h\u00e9sitent pas \u00e0 nous<a class=\"moretag\" href=\"https:\/\/clement-distribution-graphic.fr\/\"><span class=\"screen-reader-text\">En savoir plus surA Propos<\/span>[&#8230;]<\/a><\/p>\n","protected":false},"author":1,"featured_media":6,"parent":0,"menu_order":0,"comment_status":"closed","ping_status":"closed","template":"template-frontpage.php","meta":[],"_links":{"self":[{"href":"https:\/\/clement-distribution-graphic.fr\/index.php\/wp-json\/wp\/v2\/pages\/2"}],"collection":[{"href":"https:\/\/clement-distribution-graphic.fr\/index.php\/wp-json\/wp\/v2\/pages"}],"about":[{"href":"https:\/\/clement-distribution-graphic.fr\/index.php\/wp-json\/wp\/v2\/types\/page"}],"author":[{"embeddable":true,"href":"https:\/\/clement-distribution-graphic.fr\/index.php\/wp-json\/wp\/v2\/users\/1"}],"replies":[{"embeddable":true,"href":"https:\/\/clement-distribution-graphic.fr\/index.php\/wp-json\/wp\/v2\/comments?post=2"}],"version-history":[{"count":5,"href":"https:\/\/clement-distribution-graphic.fr\/index.php\/wp-json\/wp\/v2\/pages\/2\/revisions"}],"predecessor-version":[{"id":508,"href":"https:\/\/clement-distribution-graphic.fr\/index.php\/wp-json\/wp\/v2\/pages\/2\/revisions\/508"}],"wp:featuredmedia":[{"embeddable":true,"href":"https:\/\/clement-distribution-graphic.fr\/index.php\/wp-json\/wp\/v2\/media\/6"}],"wp:attachment":[{"href":"https:\/\/clement-distribution-graphic.fr\/index.php\/wp-json\/wp\/v2\/media?parent=2"}],"curies":[{"name":"wp","href":"https:\/\/api.w.org\/{rel}","templated":true}]}}